{"id":1637,"date":"2019-12-22T10:23:32","date_gmt":"2019-12-22T09:23:32","guid":{"rendered":"http:\/\/wolfgangs50ster.de\/?page_id=1637"},"modified":"2021-08-08T14:28:48","modified_gmt":"2021-08-08T13:28:48","slug":"bastelaufgabe-gartengeraetehaus-man-koennte-es-auch-rasenmaeherpalast-nennen","status":"publish","type":"page","link":"https:\/\/wolfgangs50ster.de\/?page_id=1637","title":{"rendered":"Bastelaufgabe: Gartenger\u00e4tehaus &#8211; man k\u00f6nnte es auch Rasenm\u00e4herpalast nennen!"},"content":{"rendered":"","protected":true},"excerpt":{"rendered":"","protected":true},"author":1,"featured_media":1574,"parent":0,"menu_order":5,"comment_status":"open","ping_status":"closed","template":"page-templates\/full-width.php","meta":{"footnotes":""},"class_list":["post-1637","page","type-page","status-publish","post-password-required","hentry"],"_links":{"self":[{"href":"https:\/\/wolfgangs50ster.de\/index.php?rest_route=\/wp\/v2\/pages\/1637","targetHints":{"allow":["GET"]}}],"collection":[{"href":"https:\/\/wolfgangs50ster.de\/index.php?rest_route=\/wp\/v2\/pages"}],"about":[{"href":"https:\/\/wolfgangs50ster.de\/index.php?rest_route=\/wp\/v2\/types\/page"}],"author":[{"embeddable":true,"href":"https:\/\/wolfgangs50ster.de\/index.php?rest_route=\/wp\/v2\/users\/1"}],"replies":[{"embeddable":true,"href":"https:\/\/wolfgangs50ster.de\/index.php?rest_route=%2Fwp%2Fv2%2Fcomments&post=1637"}],"version-history":[{"count":4,"href":"https:\/\/wolfgangs50ster.de\/index.php?rest_route=\/wp\/v2\/pages\/1637\/revisions"}],"predecessor-version":[{"id":1641,"href":"https:\/\/wolfgangs50ster.de\/index.php?rest_route=\/wp\/v2\/pages\/1637\/revisions\/1641"}],"wp:featuredmedia":[{"embeddable":true,"href":"https:\/\/wolfgangs50ster.de\/index.php?rest_route=\/wp\/v2\/media\/1574"}],"wp:attachment":[{"href":"https:\/\/wolfgangs50ster.de\/index.php?rest_route=%2Fwp%2Fv2%2Fmedia&parent=1637"}],"curies":[{"name":"wp","href":"https:\/\/api.w.org\/{rel}","templated":true}]}}